{"id":562,"date":"2021-08-24T14:55:13","date_gmt":"2021-08-24T12:55:13","guid":{"rendered":"https:\/\/globalcsshr.ch\/startseite\/"},"modified":"2026-04-19T22:03:24","modified_gmt":"2026-04-19T20:03:24","slug":"startseite","status":"publish","type":"page","link":"https:\/\/globalcsshr.ch\/de\/","title":{"rendered":"Startseite"},"content":{"rendered":"<div class=\"wpb-content-wrapper\">[vc_row full_width=&#8220;stretch_row&#8220; content_placement=&#8220;middle&#8220; css=&#8220;.vc_custom_1765956454301{background-image: url(https:\/\/globalcsshr.ch\/wp-content\/uploads\/2025\/12\/bg-hero-pag.png?id=307) !important;background-position: center !important;background-repeat: no-repeat !important;background-size: cover !important;}&#8220; wpex_bg_position=&#8220;0% 50%&#8220;][vc_column el_class=&#8220;ptd200 pbd120 ptm180 pbm60&#8243;][vc_column_text css=&#8220;&#8220; color=&#8220;on-accent&#8220;]\n<h1>HR TECH<\/h1>\n[\/vc_column_text][vc_column_text css=&#8220;&#8220; color=&#8220;on-accent&#8220;]Human Resources Technologie[\/vc_column_text][\/vc_column][\/vc_row][vc_row full_width=&#8220;stretch_row&#8220; content_placement=&#8220;middle&#8220; columns_right=&#8220;yes&#8220; el_class=&#8220;ptd120 pbd60 ptm60 pbm30&#8243;][vc_column css_animation=&#8220;fadeInRight&#8220; width=&#8220;1\/2&#8243;][vc_column_text css=&#8220;.vc_custom_1767613204827{margin-bottom: 30px !important;}&#8220;]\n<h2>Manuela Blanco Leiterin der Abteilung Personalwesen<\/h2>\n[\/vc_column_text][vc_column_text css=&#8220;&#8220;]Manuela ist die Ansprechpartnerin f\u00fcr den Bereich HR Tech. Es arbeitet an Prozessinnovationen und der Digitalisierung von Humanressourcen, um die Effizienz, Organisation und Unternehmensleistung zu verbessern.[\/vc_column_text][\/vc_column][vc_column css_animation=&#8220;fadeInLeft&#8220; width=&#8220;1\/2&#8243; el_class=&#8220;mtm30&#8243;]<figure class=\"vcex-image vcex-module\"><div class=\"vcex-image-inner wpex-relative wpex-inline-block\"><img width=\"1058\" height=\"1497\" src=\"https:\/\/globalcsshr.ch\/wp-content\/uploads\/2026\/04\/PHOTO-2026-04-08-12-02-5811-2-pdf.jpg\" class=\"vcex-image-img wpex-align-middle\" alt=\"\" loading=\"lazy\" decoding=\"async\" \/><\/div><\/figure>[\/vc_column][\/vc_row][vc_row][vc_column][vc_column_text css=&#8220;&#8220;]Programm Avatar Link[\/vc_column_text][\/vc_column][\/vc_row][vc_row full_width=&#8220;stretch_row&#8220; columns_right=&#8220;yes&#8220; el_class=&#8220;ptd60 pbd60 ptm30 pbm30&#8243;][vc_column css_animation=&#8220;fadeInRight&#8220; width=&#8220;1\/2&#8243;][vc_column_text css=&#8220;.vc_custom_1765995448992{margin-bottom: 30px !important;}&#8220;]\n<h3>Alia 2.0<\/h3>\n[\/vc_column_text][vc_column_text css=&#8220;&#8220;]Vollst\u00e4ndig integrierte Rekrutierungssoftware mit modernster <strong>K\u00fcnstlicher Intelligenz<\/strong>, die den <strong>Arbeitsmarkt<\/strong> umfassend und umfassend analysiert.[\/vc_column_text][vc_column_text css=&#8220;.vc_custom_1765995488717{margin-top: 30px !important;margin-bottom: 10px !important;}&#8220; color=&#8220;#000000&#8243; font_weight=&#8220;600&#8243; font_family=&#8220;Space Grotesk&#8220;]Strategischer Partner bei der Rekrutierung[\/vc_column_text][vc_column_text css=&#8220;&#8220;]Das System identifiziert automatisch die <strong>besten Kandidaten<\/strong> f\u00fcr Ihr Unternehmen und w\u00e4hlt Profile aus, die perfekt zu den von Ihnen gesuchten F\u00e4higkeiten und Anforderungen passen.[\/vc_column_text]<style>.vcex-skillbar-wrap.vcex_6a05eed044936 .vcex-skillbar-title{color:#000000;}.vcex-skillbar-wrap.vcex_6a05eed044936 .vcex-skill-bar-percent{color:#000000;}.vcex-skillbar-wrap.vcex_6a05eed044936 .vcex-skillbar{background-color:#dddddd;height:5px;}<\/style><div class=\"vcex-module vcex-skillbar-wrap wpex-mb-10 vcex-skillbar-style-default ptd50 pbd5 ptm30 pbm5 vcex_6a05eed044936\"><div class=\"vcex-skillbar vcex-skillbar--animated wpex-block wpex-relative wpex-surface-2 wpex-text-on-accent\" data-percent=\"90&#037;\"><div class=\"vcex-skillbar-bar wpex-relative wpex-w-0 wpex-h-100 wpex-bg-accent wpex-transition-width wpex-duration-700\"><div class=\"vcex-skill-bar-percent wpex-absolute wpex-top-50 -wpex-translate-y-50 wpex-right-0 wpex-mr-15\">90&#37;<\/div><\/div><div class=\"vcex-skillbar-title wpex-absolute wpex-top-50 -wpex-translate-y-50 wpex-left-0\"><div class=\"vcex-skillbar-title-inner wpex-px-15\">Genauigkeit<\/div><\/div><\/div><\/div><style>.vcex-skillbar-wrap.vcex_6a05eed045455 .vcex-skillbar-title{color:#000000;}.vcex-skillbar-wrap.vcex_6a05eed045455 .vcex-skill-bar-percent{color:#000000;}.vcex-skillbar-wrap.vcex_6a05eed045455 .vcex-skillbar{background-color:#dddddd;height:5px;}<\/style><div class=\"vcex-module vcex-skillbar-wrap wpex-mb-10 vcex-skillbar-style-default ptd30 pbd5 ptm30 pbm5 vcex_6a05eed045455\"><div class=\"vcex-skillbar vcex-skillbar--animated wpex-block wpex-relative wpex-surface-2 wpex-text-on-accent\" data-percent=\"80&#037;\"><div class=\"vcex-skillbar-bar wpex-relative wpex-w-0 wpex-h-100 wpex-bg-accent wpex-transition-width wpex-duration-700\"><div class=\"vcex-skill-bar-percent wpex-absolute wpex-top-50 -wpex-translate-y-50 wpex-right-0 wpex-mr-15\">80&#37;<\/div><\/div><div class=\"vcex-skillbar-title wpex-absolute wpex-top-50 -wpex-translate-y-50 wpex-left-0\"><div class=\"vcex-skillbar-title-inner wpex-px-15\">Geschwindigkeit<\/div><\/div><\/div><\/div><style>.vcex-skillbar-wrap.vcex_6a05eed04567e .vcex-skillbar-title{color:#000000;}.vcex-skillbar-wrap.vcex_6a05eed04567e .vcex-skill-bar-percent{color:#000000;}.vcex-skillbar-wrap.vcex_6a05eed04567e .vcex-skillbar{background-color:#dddddd;height:5px;}<\/style><div class=\"vcex-module vcex-skillbar-wrap wpex-mb-10 vcex-skillbar-style-default ptd30 pbd5 ptm30 pbm5 vcex_6a05eed04567e\"><div class=\"vcex-skillbar vcex-skillbar--animated wpex-block wpex-relative wpex-surface-2 wpex-text-on-accent\" data-percent=\"75&#037;\"><div class=\"vcex-skillbar-bar wpex-relative wpex-w-0 wpex-h-100 wpex-bg-accent wpex-transition-width wpex-duration-700\"><div class=\"vcex-skill-bar-percent wpex-absolute wpex-top-50 -wpex-translate-y-50 wpex-right-0 wpex-mr-15\">75&#37;<\/div><\/div><div class=\"vcex-skillbar-title wpex-absolute wpex-top-50 -wpex-translate-y-50 wpex-left-0\"><div class=\"vcex-skillbar-title-inner wpex-px-15\">Optimierung<\/div><\/div><\/div><\/div>[\/vc_column][vc_column css_animation=&#8220;fadeInLeft&#8220; width=&#8220;1\/2&#8243; el_class=&#8220;mtm30&#8243;][vc_single_image image=&#8220;571&#8243; css=&#8220;&#8220;][\/vc_column][\/vc_row][vc_row full_width=&#8220;stretch_row&#8220; el_class=&#8220;ptd60 pbd30 ptm30 pbm10&#8243;][vc_column][vc_column_text css=&#8220;&#8220; color=&#8220;#000000&#8243; font_size=&#8220;d:60|tl:50|tp:40|pl:40|pp:35&#8243; font_family=&#8220;Space Grotesk&#8220; font_weight=&#8220;600&#8243; line_height=&#8220;110%&#8220; el_class=&#8220;titolo_sezione&#8220;]HR Technischer Dienst[\/vc_column_text][\/vc_column][\/vc_row][vc_row full_width=&#8220;stretch_row&#8220; equal_height=&#8220;yes&#8220; el_class=&#8220;ptd30 pbd30 ptm20 pbm40 div_contenitore&#8220;][vc_column css_animation=&#8220;fadeInLeft&#8220; width=&#8220;1\/2&#8243;][vc_column_text css=&#8220;.vc_custom_1765995581000{margin-bottom: 15px !important;}&#8220;]\n<h3>Intelligentes Recruiting dank KI<\/h3>\n[\/vc_column_text][vc_column_text css=&#8220;&#8220;]Fortschrittliche pr\u00e4diktive Algorithmen zur Reduzierung von Zeit, Kosten und Fehlerquoten bei der Personalbeschaffung.[\/vc_column_text][\/vc_column][vc_column css_animation=&#8220;fadeInRight&#8220; width=&#8220;1\/2&#8243; el_class=&#8220;mtm30&#8243;][vc_single_image image=&#8220;572&#8243; css=&#8220;&#8220; el_class=&#8220;effetto_ovale&#8220;][\/vc_column][\/vc_row][vc_row full_width=&#8220;stretch_row&#8220; equal_height=&#8220;yes&#8220; columns_right=&#8220;yes&#8220; el_class=&#8220;ptd30 pbd30 ptm20 pbm40 div_contenitore&#8220;][vc_column css_animation=&#8220;fadeInRight&#8220; width=&#8220;1\/2&#8243;][vc_column_text css=&#8220;.vc_custom_1765995636949{margin-bottom: 15px !important;}&#8220;]\n<h3>Alia 2.0 die neue \u00c4ra der Rekrutierung<\/h3>\n[\/vc_column_text][vc_column_text css=&#8220;&#8220;]Pr\u00e4ziser, schneller und wissenschaftlich optimierter Rekrutierungsprozess.<\/p>\n<p>Ein einziges Tool, das Ihr neuer Verb\u00fcndeter wird, um jeden HR-Prozess zu vereinfachen, zu innovieren und zu verbessern[\/vc_column_text][\/vc_column][vc_column css_animation=&#8220;fadeInLeft&#8220; width=&#8220;1\/2&#8243; el_class=&#8220;mtm30&#8243;][vc_single_image image=&#8220;570&#8243; css=&#8220;&#8220; el_class=&#8220;effetto_ovale&#8220;][\/vc_column][\/vc_row][vc_row full_width=&#8220;stretch_row&#8220; equal_height=&#8220;yes&#8220; el_class=&#8220;ptd30 pbd30 ptm20 pbm40 div_contenitore&#8220;][vc_column css_animation=&#8220;fadeInLeft&#8220; width=&#8220;1\/2&#8243;][vc_column_text css=&#8220;.vc_custom_1765995686535{margin-bottom: 15px !important;}&#8220;]\n<h3>Exklusive Rekrutierungssoftware:<\/h3>\n[\/vc_column_text][vc_column_text css=&#8220;&#8220;]\n<ul>\n<li>Analyse der Talente auf dem Arbeitsmarkt<\/li>\n<li>bewertet F\u00e4higkeiten, Erfahrung und Affinit\u00e4t<\/li>\n<li>schl\u00e4gt nur wirklich geeignete Profile vor<\/li>\n<li>erm\u00f6glicht eine strategischere und nachhaltigere Personaleinstellung.<\/li>\n<\/ul>\n[\/vc_column_text][\/vc_column][vc_column css_animation=&#8220;fadeInRight&#8220; width=&#8220;1\/2&#8243; el_class=&#8220;mtm30&#8243;][vc_single_image image=&#8220;573&#8243; css=&#8220;&#8220; el_class=&#8220;effetto_ovale&#8220;][\/vc_column][\/vc_row][vc_row full_width=&#8220;stretch_row&#8220; el_class=&#8220;ptd60 pbd30 ptm30 pbm10&#8243;][vc_column][vc_column_text css=&#8220;&#8220; color=&#8220;#000000&#8243; font_size=&#8220;d:60|tl:50|tp:40|pl:40|pp:35&#8243; font_family=&#8220;Space Grotesk&#8220; font_weight=&#8220;600&#8243; line_height=&#8220;110%&#8220; el_class=&#8220;titolo_sezione&#8220;]Warum uns w\u00e4hlen[\/vc_column_text][\/vc_column][\/vc_row][vc_row content_placement=&#8220;middle&#8220; el_class=&#8220;ptd30 pbd60 ptm20 pbm30 div_contenitore plrm&#8220;][vc_column css_animation=&#8220;fadeInLeft&#8220; width=&#8220;5\/12&#8243; el_class=&#8220;bg_testimonianze&#8220;]<div class=\"vcex-module wpex-carousel vcex-testimonials-carousel wpex-clr owl-carousel arrwstyle-default\" data-wpex-carousel=\"{&quot;nav&quot;:&quot;false&quot;,&quot;autoplay&quot;:&quot;true&quot;,&quot;slideBy&quot;:1,&quot;items&quot;:1,&quot;responsive&quot;:{&quot;0&quot;:{&quot;items&quot;:&quot;1&quot;},&quot;480&quot;:{&quot;items&quot;:1},&quot;768&quot;:{&quot;items&quot;:1},&quot;960&quot;:{&quot;items&quot;:1}},&quot;smartSpeed&quot;:799,&quot;autoplayTimeout&quot;:3498}\"><div class=\"wpex-carousel-slide\"><div class=\"testimonial-entry post-583 testimonials type-testimonials status-publish hentry entry no-media\"><div class=\"testimonial-entry-content wpex-relative wpex-boxed wpex-border-0 wpex-clr\"><span class=\"testimonial-caret wpex-absolute wpex-block wpex-w-0 wpex-h-0\"><\/span><div class=\"testimonial-entry-details testimonial-entry-text wpex-text-pretty wpex-last-mb-0 wpex-clr\"><blockquote><\/blockquote>\n<p><span style=\"color: #fff;font-size: 18px\">Diese Rekrutierungssoftware hat unseren Auswahlprozess revolutioniert. In nur wenigen Tagen haben wir Kandidaten gefunden, f\u00fcr die wir vorher Wochen gebraucht h\u00e4tten. Akkurat, schnell und wirklich intuitiv<\/span><\/p>\n<\/div><\/div><div class=\"testimonial-entry-bottom wpex-flex wpex-flex-wrap wpex-mt-20\"><div class=\"testimonial-entry-meta wpex-flex-grow\"><\/div><\/div><\/div><\/div><div class=\"wpex-carousel-slide\"><div class=\"testimonial-entry post-579 testimonials type-testimonials status-publish hentry entry no-media\"><div class=\"testimonial-entry-content wpex-relative wpex-boxed wpex-border-0 wpex-clr\"><span class=\"testimonial-caret wpex-absolute wpex-block wpex-w-0 wpex-h-0\"><\/span><div class=\"testimonial-entry-details testimonial-entry-text wpex-text-pretty wpex-last-mb-0 wpex-clr\"><blockquote><\/blockquote>\n<p><span style=\"color: #fff;font-size: 18px\">Dank der Software konnten wir die Rekrutierungszeit verk\u00fcrzen und die Qualit\u00e4t der ausgew\u00e4hlten Profile verbessern. Ein unverzichtbares Werkzeug f\u00fcr ein Unternehmen, das methodisch wachsen will.<\/span><\/p>\n<\/div><\/div><div class=\"testimonial-entry-bottom wpex-flex wpex-flex-wrap wpex-mt-20\"><div class=\"testimonial-entry-meta wpex-flex-grow\"><\/div><\/div><\/div><\/div><\/div>[\/vc_column][vc_column css_animation=&#8220;fadeInRight&#8220; width=&#8220;7\/12&#8243; el_class=&#8220;mtm30 col_sceglierci_scura&#8220; css=&#8220;.vc_custom_1765972849702{background-image: url(https:\/\/globalcsshr.ch\/wp-content\/uploads\/2025\/12\/bg-hero-pag.png?id=307) !important;background-position: center !important;background-repeat: no-repeat !important;background-size: cover !important;}&#8220;][vc_column_text css=&#8220;.vc_custom_1765995766228{margin-bottom: 15px !important;}&#8220; color=&#8220;on-accent&#8220;]\n<h3>Software, die Chancen generiert<\/h3>\n[\/vc_column_text][vc_column_text css=&#8220;&#8220; color=&#8220;on-accent&#8220;]Ihr neuer strategischer Verb\u00fcndeter in der Welt der Rekrutierung[\/vc_column_text][vc_row_inner equal_height=&#8220;yes&#8220; el_class=&#8220;ptd15 ptm15&#8243;][vc_column_inner width=&#8220;1\/3&#8243;]<style>.vcex-milestone.vcex_6a05eed0490b4 .vcex-milestone-number{font-family:'Space Grotesk';color:var(--wpex-on-accent);font-weight:600;}.vcex-milestone.vcex_6a05eed0490b4 .vcex-milestone-caption{font-family:'Space Grotesk';font-size:14px;font-weight:600;}<\/style><div class=\"vcex-module vcex-milestone  wpb_animate_when_almost_visible wpb_fadeIn fadeIn wpex-text-center vc_custom_1765995981203 vcex_6a05eed0490b4\"><div class=\"vcex-milestone-inner wpex-inline-block\"><div class=\"vcex-milestone-desc\"><div class=\"vcex-milestone-number wpex-leading-none\"><span class=\"vcex-milestone-time vcex-countup\" data-options=\"{&quot;startVal&quot;:0,&quot;endVal&quot;:&quot;10&quot;,&quot;duration&quot;:5.5,&quot;decimals&quot;:0,&quot;separator&quot;:&quot;.&quot;,&quot;decimal&quot;:&quot;,&quot;,&quot;animateOnScroll&quot;:false}\" aria-hidden=\"true\"><\/span><span class=\"screen-reader-text\">10<\/span><span class=\"vcex-milestone-after\">%<\/span><\/div><div class=\"vcex-milestone-caption wpex-mt-5\">Jahre der Erfahrung<\/div><\/div><\/div><\/div>[\/vc_column_inner][vc_column_inner el_class=&#8220;col_border&#8220; width=&#8220;1\/3&#8243;]<style>.vcex-milestone.vcex_6a05eed049d5e .vcex-milestone-number{font-family:'Space Grotesk';color:var(--wpex-on-accent);font-weight:600;}.vcex-milestone.vcex_6a05eed049d5e .vcex-milestone-caption{font-family:'Space Grotesk';font-size:14px;font-weight:600;}<\/style><div class=\"vcex-module vcex-milestone  wpb_animate_when_almost_visible wpb_fadeIn fadeIn wpex-text-center vc_custom_1765995970952 vcex_6a05eed049d5e\"><div class=\"vcex-milestone-inner wpex-inline-block\"><div class=\"vcex-milestone-desc\"><div class=\"vcex-milestone-number wpex-leading-none\"><span class=\"vcex-milestone-time vcex-countup\" data-options=\"{&quot;startVal&quot;:0,&quot;endVal&quot;:&quot;15&quot;,&quot;duration&quot;:5,&quot;decimals&quot;:0,&quot;separator&quot;:&quot;.&quot;,&quot;decimal&quot;:&quot;,&quot;,&quot;animateOnScroll&quot;:false}\" aria-hidden=\"true\"><\/span><span class=\"screen-reader-text\">15<\/span><span class=\"vcex-milestone-after\">k<\/span><\/div><div class=\"vcex-milestone-caption wpex-mt-5\">Rekrutierung<\/div><\/div><\/div><\/div>[\/vc_column_inner][vc_column_inner width=&#8220;1\/3&#8243;]<style>.vcex-milestone.vcex_6a05eed04a024 .vcex-milestone-number{font-family:'Space Grotesk';color:var(--wpex-on-accent);font-weight:600;}.vcex-milestone.vcex_6a05eed04a024 .vcex-milestone-caption{font-family:'Space Grotesk';font-size:14px;font-weight:600;}<\/style><div class=\"vcex-module vcex-milestone  wpb_animate_when_almost_visible wpb_fadeIn fadeIn wpex-text-center vc_custom_1765995954439 vcex_6a05eed04a024\"><div class=\"vcex-milestone-inner wpex-inline-block\"><div class=\"vcex-milestone-desc\"><div class=\"vcex-milestone-number wpex-leading-none\"><span class=\"vcex-milestone-time vcex-countup\" data-options=\"{&quot;startVal&quot;:0,&quot;endVal&quot;:&quot;60&quot;,&quot;duration&quot;:2.5,&quot;decimals&quot;:0,&quot;separator&quot;:&quot;.&quot;,&quot;decimal&quot;:&quot;,&quot;,&quot;animateOnScroll&quot;:false}\" aria-hidden=\"true\"><\/span><span class=\"screen-reader-text\">60<\/span><span class=\"vcex-milestone-after\">+<\/span><\/div><div class=\"vcex-milestone-caption wpex-mt-5\">Unternehmen<\/div><\/div><\/div><\/div>[\/vc_column_inner][\/vc_row_inner][\/vc_column][\/vc_row]\n<\/div>","protected":false},"excerpt":{"rendered":"<p>[vc_row full_width=&#8220;stretch_row&#8220; content_placement=&#8220;middle&#8220; css=&#8220;.vc_custom_1765956454301{background-image: url(https:\/\/globalcsshr.ch\/wp-content\/uploads\/2025\/12\/bg-hero-pag.png?id=307) !important;background-position: center !important;background-repeat: no-repeat !important;background-size: cover !important;}&#8220; wpex_bg_position=&#8220;0% 50%&#8220;][vc_column el_class=&#8220;ptd200 pbd120 ptm180 pbm60&#8243;][vc_column_text css=&#8220;&#8220; color=&#8220;on-accent&#8220;] HR TECH [\/vc_column_text][vc_column_text css=&#8220;&#8220; color=&#8220;on-accent&#8220;]Human Resources Technologie[\/vc_column_text][\/vc_column][\/vc_row][vc_row full_width=&#8220;stretch_row&#8220; content_placement=&#8220;middle&#8220; columns_right=&#8220;yes&#8220; el_class=&#8220;ptd120 pbd60 ptm60 pbm30&#8243;][vc_column css_animation=&#8220;fadeInRight&#8220; width=&#8220;1\/2&#8243;][vc_column_text css=&#8220;.vc_custom_1767613204827{margin-bottom: 30px !important;}&#8220;] Manuela Blanco Leiterin der Abteilung Personalwesen [\/vc_column_text][vc_column_text css=&#8220;&#8220;]Manuela ist die Ansprechpartnerin f\u00fcr den Bereich HR Tech.&hellip;<\/p>\n","protected":false},"author":1,"featured_media":0,"parent":0,"menu_order":0,"comment_status":"closed","ping_status":"closed","template":"","meta":{"footnotes":""},"class_list":["post-562","page","type-page","status-publish","hentry","entry","no-media"],"yoast_head":"<!-- This site is optimized with the Yoast SEO plugin v26.7 - https:\/\/yoast.com\/wordpress\/plugins\/seo\/ -->\n<title>-<\/title>\n<meta name=\"robots\" content=\"index, follow, max-snippet:-1, max-image-preview:large, max-video-preview:-1\" \/>\n<link rel=\"canonical\" href=\"https:\/\/globalcsshr.ch\/de\/\" \/>\n<meta property=\"og:locale\" content=\"de_DE\" \/>\n<meta property=\"og:type\" content=\"article\" \/>\n<meta property=\"og:title\" content=\"-\" \/>\n<meta property=\"og:description\" content=\"[vc_row full_width=&#8220;stretch_row&#8220; content_placement=&#8220;middle&#8220; css=&#8220;.vc_custom_1765956454301{background-image: url(https:\/\/globalcsshr.ch\/wp-content\/uploads\/2025\/12\/bg-hero-pag.png?id=307) !important;background-position: center !important;background-repeat: no-repeat !important;background-size: cover !important;}&#8220; wpex_bg_position=&#8220;0% 50%&#8220;][vc_column el_class=&#8220;ptd200 pbd120 ptm180 pbm60&#8243;][vc_column_text css=&#8220;&#8220; color=&#8220;on-accent&#8220;] HR TECH [\/vc_column_text][vc_column_text css=&#8220;&#8220; color=&#8220;on-accent&#8220;]Human Resources Technologie[\/vc_column_text][\/vc_column][\/vc_row][vc_row full_width=&#8220;stretch_row&#8220; content_placement=&#8220;middle&#8220; columns_right=&#8220;yes&#8220; el_class=&#8220;ptd120 pbd60 ptm60 pbm30&#8243;][vc_column css_animation=&#8220;fadeInRight&#8220; width=&#8220;1\/2&#8243;][vc_column_text css=&#8220;.vc_custom_1767613204827{margin-bottom: 30px !important;}&#8220;] Manuela Blanco Leiterin der Abteilung Personalwesen [\/vc_column_text][vc_column_text css=&#8220;&#8220;]Manuela ist die Ansprechpartnerin f\u00fcr den Bereich HR Tech.&hellip;\" \/>\n<meta property=\"og:url\" content=\"https:\/\/globalcsshr.ch\/de\/\" \/>\n<meta property=\"og:site_name\" content=\"Global CSS HR Tech\" \/>\n<meta property=\"article:modified_time\" content=\"2026-04-19T20:03:24+00:00\" \/>\n<meta name=\"twitter:card\" content=\"summary_large_image\" \/>\n<meta name=\"twitter:label1\" content=\"Gesch\u00e4tzte Lesezeit\" \/>\n\t<meta name=\"twitter:data1\" content=\"5\u00a0Minuten\" \/>\n<script type=\"application\/ld+json\" class=\"yoast-schema-graph\">{\"@context\":\"https:\/\/schema.org\",\"@graph\":[{\"@type\":\"WebPage\",\"@id\":\"https:\/\/globalcsshr.ch\/de\/\",\"url\":\"https:\/\/globalcsshr.ch\/de\/\",\"name\":\"-\",\"isPartOf\":{\"@id\":\"https:\/\/globalcsshr.ch\/de\/#website\"},\"datePublished\":\"2021-08-24T12:55:13+00:00\",\"dateModified\":\"2026-04-19T20:03:24+00:00\",\"breadcrumb\":{\"@id\":\"https:\/\/globalcsshr.ch\/de\/#breadcrumb\"},\"inLanguage\":\"de\",\"potentialAction\":[{\"@type\":\"ReadAction\",\"target\":[\"https:\/\/globalcsshr.ch\/de\/\"]}]},{\"@type\":\"BreadcrumbList\",\"@id\":\"https:\/\/globalcsshr.ch\/de\/#breadcrumb\",\"itemListElement\":[{\"@type\":\"ListItem\",\"position\":1,\"name\":\"Startseite\",\"item\":\"https:\/\/globalcsshr.ch\/de\/startseite\/\"},{\"@type\":\"ListItem\",\"position\":2,\"name\":\"Startseite\"}]},{\"@type\":\"WebSite\",\"@id\":\"https:\/\/globalcsshr.ch\/de\/#website\",\"url\":\"https:\/\/globalcsshr.ch\/de\/\",\"name\":\"Global CSS HR Tech\",\"description\":\"\",\"publisher\":{\"@id\":\"https:\/\/globalcsshr.ch\/de\/#organization\"},\"potentialAction\":[{\"@type\":\"SearchAction\",\"target\":{\"@type\":\"EntryPoint\",\"urlTemplate\":\"https:\/\/globalcsshr.ch\/de\/?s={search_term_string}\"},\"query-input\":{\"@type\":\"PropertyValueSpecification\",\"valueRequired\":true,\"valueName\":\"search_term_string\"}}],\"inLanguage\":\"de\"},{\"@type\":\"Organization\",\"@id\":\"https:\/\/globalcsshr.ch\/de\/#organization\",\"name\":\"Global CSS HR Tech\",\"url\":\"https:\/\/globalcsshr.ch\/de\/\",\"logo\":{\"@type\":\"ImageObject\",\"inLanguage\":\"de\",\"@id\":\"https:\/\/globalcsshr.ch\/de\/#\/schema\/logo\/image\/\",\"url\":\"https:\/\/globalcsshr.ch\/wp-content\/uploads\/2025\/12\/CSS-HR-bianco-1.png\",\"contentUrl\":\"https:\/\/globalcsshr.ch\/wp-content\/uploads\/2025\/12\/CSS-HR-bianco-1.png\",\"width\":250,\"height\":321,\"caption\":\"Global CSS HR Tech\"},\"image\":{\"@id\":\"https:\/\/globalcsshr.ch\/de\/#\/schema\/logo\/image\/\"}}]}<\/script>\n<!-- \/ Yoast SEO plugin. -->","yoast_head_json":{"title":"-","robots":{"index":"index","follow":"follow","max-snippet":"max-snippet:-1","max-image-preview":"max-image-preview:large","max-video-preview":"max-video-preview:-1"},"canonical":"https:\/\/globalcsshr.ch\/de\/","og_locale":"de_DE","og_type":"article","og_title":"-","og_description":"[vc_row full_width=&#8220;stretch_row&#8220; content_placement=&#8220;middle&#8220; css=&#8220;.vc_custom_1765956454301{background-image: url(https:\/\/globalcsshr.ch\/wp-content\/uploads\/2025\/12\/bg-hero-pag.png?id=307) !important;background-position: center !important;background-repeat: no-repeat !important;background-size: cover !important;}&#8220; wpex_bg_position=&#8220;0% 50%&#8220;][vc_column el_class=&#8220;ptd200 pbd120 ptm180 pbm60&#8243;][vc_column_text css=&#8220;&#8220; color=&#8220;on-accent&#8220;] HR TECH [\/vc_column_text][vc_column_text css=&#8220;&#8220; color=&#8220;on-accent&#8220;]Human Resources Technologie[\/vc_column_text][\/vc_column][\/vc_row][vc_row full_width=&#8220;stretch_row&#8220; content_placement=&#8220;middle&#8220; columns_right=&#8220;yes&#8220; el_class=&#8220;ptd120 pbd60 ptm60 pbm30&#8243;][vc_column css_animation=&#8220;fadeInRight&#8220; width=&#8220;1\/2&#8243;][vc_column_text css=&#8220;.vc_custom_1767613204827{margin-bottom: 30px !important;}&#8220;] Manuela Blanco Leiterin der Abteilung Personalwesen [\/vc_column_text][vc_column_text css=&#8220;&#8220;]Manuela ist die Ansprechpartnerin f\u00fcr den Bereich HR Tech.&hellip;","og_url":"https:\/\/globalcsshr.ch\/de\/","og_site_name":"Global CSS HR Tech","article_modified_time":"2026-04-19T20:03:24+00:00","twitter_card":"summary_large_image","twitter_misc":{"Gesch\u00e4tzte Lesezeit":"5\u00a0Minuten"},"schema":{"@context":"https:\/\/schema.org","@graph":[{"@type":"WebPage","@id":"https:\/\/globalcsshr.ch\/de\/","url":"https:\/\/globalcsshr.ch\/de\/","name":"-","isPartOf":{"@id":"https:\/\/globalcsshr.ch\/de\/#website"},"datePublished":"2021-08-24T12:55:13+00:00","dateModified":"2026-04-19T20:03:24+00:00","breadcrumb":{"@id":"https:\/\/globalcsshr.ch\/de\/#breadcrumb"},"inLanguage":"de","potentialAction":[{"@type":"ReadAction","target":["https:\/\/globalcsshr.ch\/de\/"]}]},{"@type":"BreadcrumbList","@id":"https:\/\/globalcsshr.ch\/de\/#breadcrumb","itemListElement":[{"@type":"ListItem","position":1,"name":"Startseite","item":"https:\/\/globalcsshr.ch\/de\/startseite\/"},{"@type":"ListItem","position":2,"name":"Startseite"}]},{"@type":"WebSite","@id":"https:\/\/globalcsshr.ch\/de\/#website","url":"https:\/\/globalcsshr.ch\/de\/","name":"Global CSS HR Tech","description":"","publisher":{"@id":"https:\/\/globalcsshr.ch\/de\/#organization"},"potentialAction":[{"@type":"SearchAction","target":{"@type":"EntryPoint","urlTemplate":"https:\/\/globalcsshr.ch\/de\/?s={search_term_string}"},"query-input":{"@type":"PropertyValueSpecification","valueRequired":true,"valueName":"search_term_string"}}],"inLanguage":"de"},{"@type":"Organization","@id":"https:\/\/globalcsshr.ch\/de\/#organization","name":"Global CSS HR Tech","url":"https:\/\/globalcsshr.ch\/de\/","logo":{"@type":"ImageObject","inLanguage":"de","@id":"https:\/\/globalcsshr.ch\/de\/#\/schema\/logo\/image\/","url":"https:\/\/globalcsshr.ch\/wp-content\/uploads\/2025\/12\/CSS-HR-bianco-1.png","contentUrl":"https:\/\/globalcsshr.ch\/wp-content\/uploads\/2025\/12\/CSS-HR-bianco-1.png","width":250,"height":321,"caption":"Global CSS HR Tech"},"image":{"@id":"https:\/\/globalcsshr.ch\/de\/#\/schema\/logo\/image\/"}}]}},"_links":{"self":[{"href":"https:\/\/globalcsshr.ch\/de\/wp-json\/wp\/v2\/pages\/562","targetHints":{"allow":["GET"]}}],"collection":[{"href":"https:\/\/globalcsshr.ch\/de\/wp-json\/wp\/v2\/pages"}],"about":[{"href":"https:\/\/globalcsshr.ch\/de\/wp-json\/wp\/v2\/types\/page"}],"author":[{"embeddable":true,"href":"https:\/\/globalcsshr.ch\/de\/wp-json\/wp\/v2\/users\/1"}],"replies":[{"embeddable":true,"href":"https:\/\/globalcsshr.ch\/de\/wp-json\/wp\/v2\/comments?post=562"}],"version-history":[{"count":21,"href":"https:\/\/globalcsshr.ch\/de\/wp-json\/wp\/v2\/pages\/562\/revisions"}],"predecessor-version":[{"id":725,"href":"https:\/\/globalcsshr.ch\/de\/wp-json\/wp\/v2\/pages\/562\/revisions\/725"}],"wp:attachment":[{"href":"https:\/\/globalcsshr.ch\/de\/wp-json\/wp\/v2\/media?parent=562"}],"curies":[{"name":"wp","href":"https:\/\/api.w.org\/{rel}","templated":true}]}}